{"id":297,"date":"2020-11-12T11:18:39","date_gmt":"2020-11-12T09:18:39","guid":{"rendered":"http:\/\/www.kimmen.info\/?page_id=297"},"modified":"2023-02-05T16:22:17","modified_gmt":"2023-02-05T14:22:17","slug":"contact","status":"publish","type":"page","link":"https:\/\/www.kimmen.info\/fi\/contact\/","title":{"rendered":"Yhteystiedot"},"content":{"rendered":"<div class=\"wp-block-image is-style-rounded\">\n<figure class=\"alignleft size-large is-resized\"><img loading=\"lazy\" decoding=\"async\" src=\"http:\/\/www.kimmen.info\/wp-content\/uploads\/2023\/02\/DSF7845_Kim_webb_-819x1024.jpg\" alt=\"\" class=\"wp-image-992\" width=\"222\" height=\"277\" srcset=\"https:\/\/www.kimmen.info\/wp-content\/uploads\/2023\/02\/DSF7845_Kim_webb_-819x1024.jpg 819w, https:\/\/www.kimmen.info\/wp-content\/uploads\/2023\/02\/DSF7845_Kim_webb_-240x300.jpg 240w, https:\/\/www.kimmen.info\/wp-content\/uploads\/2023\/02\/DSF7845_Kim_webb_-768x960.jpg 768w, https:\/\/www.kimmen.info\/wp-content\/uploads\/2023\/02\/DSF7845_Kim_webb_-1229x1536.jpg 1229w, https:\/\/www.kimmen.info\/wp-content\/uploads\/2023\/02\/DSF7845_Kim_webb_-10x12.jpg 10w, https:\/\/www.kimmen.info\/wp-content\/uploads\/2023\/02\/DSF7845_Kim_webb_-624x780.jpg 624w, https:\/\/www.kimmen.info\/wp-content\/uploads\/2023\/02\/DSF7845_Kim_webb_.jpg 1638w\" sizes=\"auto, (max-width: 222px) 100vw, 222px\" \/><\/figure>\n<\/div>\n\n<p>Har du fr\u00e5gor, som du skulle vilja ha svar p\u00e5? Finns det politiska \u00e4renden, som du \u00e4r intresserad att diskutera om? Finns det andra saker, du skulle vilja byta tankar om? \u00c4r du intresserad av att p\u00e5verka? Kanske du \u00e4r intresserad av att g\u00f6ra en lokal eller politisk video tillsammans?<\/p>\n<p>Ta s\u00e5 g\u00e4rna kontakt med mig, s\u00e5 diskuterar vi vidare! Nedan finner du mina kontaktuppgifter.<\/p>\n<ul>\n<li><strong>Telefon<\/strong>: 050 &#8211; 337 2555<\/li>\n<li><strong>Whatsapp<\/strong>: 050 &#8211; 337 2555<\/li>\n<li><strong>E-post<\/strong>: kim.liljequist(snabel-a)kirkkonummi.fi<\/li>\n<li><strong>Facebook<\/strong>: <a href=\"https:\/\/www.facebook.com\/kim.liljequist\/\">https:\/\/www.facebook.com\/kim.liljequist\/<\/a><\/li>\n<\/ul>\n<p><strong><span style=\"color: #000000;\">Har du id\u00e9er eller kommentar om hur saker borde vara?<\/span><\/strong><\/p>\n<p>Skriv g\u00e4rna dina kommentarer till mig, antingen inkognito eller vid namn.<\/p>\n\n<div class=\"wpforms-container wpforms-container-full wpforms-block\" id=\"wpforms-438\"><form id=\"wpforms-form-438\" class=\"wpforms-validate wpforms-form\" data-formid=\"438\" method=\"post\" enctype=\"multipart\/form-data\" action=\"\/fi\/wp-json\/wp\/v2\/pages\/297\" data-token=\"22e5a6857b0d287b08f0402c85fa4000\" data-token-time=\"1776306389\"><noscript class=\"wpforms-error-noscript\">Please enable JavaScript in your browser to complete this form.<\/noscript><div class=\"wpforms-field-container\"><div id=\"wpforms-438-field_0-container\" class=\"wpforms-field wpforms-field-name\" data-field-id=\"0\"><label class=\"wpforms-field-label\" for=\"wpforms-438-field_0\">Namn (inte obligatoriskt) \/ Nimi (ei pakollinen)<\/label><input type=\"text\" id=\"wpforms-438-field_0\" class=\"wpforms-field-medium\" name=\"wpforms[fields][0]\" ><\/div><div id=\"wpforms-438-field_1-container\" class=\"wpforms-field wpforms-field-email\" data-field-id=\"1\"><label class=\"wpforms-field-label\">Epost (ifall du vill bli kontaktad) \/ S\u00e4hk\u00f6posti (mik\u00e4li haluat saada vastauksen)<\/label><div class=\"wpforms-field-row wpforms-field-medium\"><div class=\"wpforms-field-row-block wpforms-one-half wpforms-first\"><input type=\"email\" id=\"wpforms-438-field_1\" class=\"wpforms-field-email-primary\" name=\"wpforms[fields][1][primary]\" spellcheck=\"false\" ><label for=\"wpforms-438-field_1\" class=\"wpforms-field-sublabel after\">Email<\/label><\/div><div class=\"wpforms-field-row-block wpforms-one-half\"><input type=\"email\" id=\"wpforms-438-field_1-secondary\" class=\"wpforms-field-email-secondary\" data-rule-confirm=\"#wpforms-438-field_1\" name=\"wpforms[fields][1][secondary]\" spellcheck=\"false\" ><label for=\"wpforms-438-field_1-secondary\" class=\"wpforms-field-sublabel after\">Confirm Email<\/label><\/div><\/div><\/div><div id=\"wpforms-438-field_2-container\" class=\"wpforms-field wpforms-field-textarea\" data-field-id=\"2\"><label class=\"wpforms-field-label\" for=\"wpforms-438-field_2\">Kommentar \/ kommentti. <span class=\"wpforms-required-label\">*<\/span><\/label><textarea id=\"wpforms-438-field_2\" class=\"wpforms-field-medium wpforms-field-required\" name=\"wpforms[fields][2]\" required><\/textarea><\/div><\/div><!-- .wpforms-field-container --><div class=\"wpforms-submit-container\" ><input type=\"hidden\" name=\"wpforms[id]\" value=\"438\"><input type=\"hidden\" name=\"page_title\" value=\"\"><input type=\"hidden\" name=\"page_url\" value=\"https:\/\/www.kimmen.info\/fi\/wp-json\/wp\/v2\/pages\/297\"><input type=\"hidden\" name=\"url_referer\" value=\"\"><button type=\"submit\" name=\"wpforms[submit]\" id=\"wpforms-submit-438\" class=\"wpforms-submit\" data-alt-text=\"S\u00e4nder... \/ L\u00e4hett\u00e4\u00e4...\" data-submit-text=\"S\u00e4nd \/ L\u00e4het\u00e4\" aria-live=\"assertive\" value=\"wpforms-submit\">S\u00e4nd \/ L\u00e4het\u00e4<\/button><\/div><\/form><\/div>  <!-- .wpforms-container -->\n\n\n<p>Hoppas att vi ses i politiken,<\/p>\n\n\n<figure class=\"wp-block-image alignleft size-large is-resized\"><img loading=\"lazy\" decoding=\"async\" class=\"alignnone wp-image-1081 size-medium\" style=\"width: 86px; height: 86px;\" src=\"http:\/\/www.kimmen.info\/wp-content\/uploads\/2025\/02\/imageedit_1_6794209362-300x300.png\" alt=\"\" width=\"300\" height=\"300\" srcset=\"https:\/\/www.kimmen.info\/wp-content\/uploads\/2025\/02\/imageedit_1_6794209362-300x300.png 300w, https:\/\/www.kimmen.info\/wp-content\/uploads\/2025\/02\/imageedit_1_6794209362-1024x1024.png 1024w, https:\/\/www.kimmen.info\/wp-content\/uploads\/2025\/02\/imageedit_1_6794209362-150x150.png 150w, https:\/\/www.kimmen.info\/wp-content\/uploads\/2025\/02\/imageedit_1_6794209362-768x768.png 768w, https:\/\/www.kimmen.info\/wp-content\/uploads\/2025\/02\/imageedit_1_6794209362-12x12.png 12w, https:\/\/www.kimmen.info\/wp-content\/uploads\/2025\/02\/imageedit_1_6794209362-624x624.png 624w, https:\/\/www.kimmen.info\/wp-content\/uploads\/2025\/02\/imageedit_1_6794209362.png 1354w\" sizes=\"auto, (max-width: 300px) 100vw, 300px\" \/><\/figure>\n\n\n<blockquote class=\"wp-block-quote is-layout-flow wp-block-quote-is-layout-flow\">\n<p><strong>Kim Liljequist &#8221;Det man g\u00f6r, det g\u00f6r man ordentligt!<\/strong>&#8221;<\/p>\n<\/blockquote>\n\n\n\n<p><\/p>\n\n\n\n<p><\/p>\n","protected":false},"excerpt":{"rendered":"<p>Har du fr\u00e5gor, som du skulle vilja ha svar p\u00e5? Finns det politiska \u00e4renden, som du \u00e4r intresserad att diskutera om? Finns det andra saker, du skulle vilja byta tankar om? \u00c4r du intresserad av att p\u00e5verka? Kanske du \u00e4r intresserad av att g\u00f6ra en lokal eller politisk video tillsammans? Ta s\u00e5 g\u00e4rna kontakt med [&hellip;]<\/p>\n","protected":false},"author":1,"featured_media":0,"parent":0,"menu_order":0,"comment_status":"closed","ping_status":"closed","template":"","meta":{"footnotes":""},"class_list":["post-297","page","type-page","status-publish","hentry"],"_links":{"self":[{"href":"https:\/\/www.kimmen.info\/fi\/wp-json\/wp\/v2\/pages\/297","targetHints":{"allow":["GET"]}}],"collection":[{"href":"https:\/\/www.kimmen.info\/fi\/wp-json\/wp\/v2\/pages"}],"about":[{"href":"https:\/\/www.kimmen.info\/fi\/wp-json\/wp\/v2\/types\/page"}],"author":[{"embeddable":true,"href":"https:\/\/www.kimmen.info\/fi\/wp-json\/wp\/v2\/users\/1"}],"replies":[{"embeddable":true,"href":"https:\/\/www.kimmen.info\/fi\/wp-json\/wp\/v2\/comments?post=297"}],"version-history":[{"count":38,"href":"https:\/\/www.kimmen.info\/fi\/wp-json\/wp\/v2\/pages\/297\/revisions"}],"predecessor-version":[{"id":1002,"href":"https:\/\/www.kimmen.info\/fi\/wp-json\/wp\/v2\/pages\/297\/revisions\/1002"}],"wp:attachment":[{"href":"https:\/\/www.kimmen.info\/fi\/wp-json\/wp\/v2\/media?parent=297"}],"curies":[{"name":"wp","href":"https:\/\/api.w.org\/{rel}","templated":true}]}}