{"id":137,"date":"2020-11-10T14:08:28","date_gmt":"2020-11-10T12:08:28","guid":{"rendered":"http:\/\/www.kimmen.info\/?page_id=137"},"modified":"2021-10-31T19:07:29","modified_gmt":"2021-10-31T17:07:29","slug":"polivideo","status":"publish","type":"page","link":"https:\/\/www.kimmen.info\/fi\/polivideo\/","title":{"rendered":"Politiikkavideot"},"content":{"rendered":"<h2 class=\"wp-block-heading\"><span style=\"color:#f7ac08\" class=\"has-inline-color\">Mielenkiinto her\u00e4\u00e4<\/span><\/h2>\n\n\n<p>Huomasin \u00e4skett\u00e4in, ett\u00e4 pid\u00e4n todella paljon videoiden tuottamisesta. Alkuinnostus t\u00e4h\u00e4n syntyi koronan yhteydess\u00e4, kun pohdin yritt\u00e4j\u00e4n\u00e4 erilaisia digitaalisia mahdollisuuksia asiakkaiden tavoittamiseksi ja mielenkiinnon her\u00e4tt\u00e4miseksi liittyen NK Vakuutusmeklarit Oy -yritykseeni. Tein muutamia koevideoita ja koska t\u00e4m\u00e4 oli hyvin hauskaa, niin p\u00e4\u00e4dyin my\u00f6nteisen palautteen j\u00e4lkeen tuottamaan videota perheest\u00e4ni, kulttuurista ja luonnosta sek\u00e4 RKP:ta koskevista asioista Kirkkonummella.<\/p>\n<p>Ole hyv\u00e4, alla on valikoima eri aiheisia, poliittisia videoita. Vieraile mielell\u00e4\u00e4n sivulla <a href=\"http:\/\/www.kimmen.info\/fi\/valteman\/ovriga_videon\/\"><em>Muut videot<\/em><\/a> jossa l\u00f6yd\u00e4t muihin aiheisiin liittyv\u00e4t videoni.<\/p>\n\n\n<hr class=\"wp-block-separator\"\/>\n\n\n\n<h2 class=\"wp-block-heading\"><span style=\"color:#f7ac08\" class=\"has-inline-color\">Tekem\u00e4ni politiikkavideot<\/span><\/h2>\n\n\n\n<h2 class=\"wp-block-heading\">2021\/10 Dronevideo \u00f6ver Kantvik marina<\/h2>\n\n\n\n<p>Jag gjorde en dronevideo \u00f6ver Kantvik marina, som befinner sig p\u00e5 Jollastanden, en del av Kantvik delgeneralplans omr\u00e5de. Visst \u00e4r st\u00e4llet fint f\u00f6r en g\u00e4sthamn med restaurang samt sim- och sportm\u00f6jligheter?<\/p>\n\n\n\n<figure class=\"wp-block-video\"><video height=\"1080\" style=\"aspect-ratio: 1920 \/ 1080;\" width=\"1920\" controls poster=\"http:\/\/www.kimmen.info\/wp-content\/uploads\/2021\/10\/Kantvik.jpg\" src=\"http:\/\/www.kimmen.info\/wp-content\/uploads\/2021\/10\/Meri-Kantvik.mp4\"><\/video><\/figure>\n\n\n\n<h2 class=\"wp-block-heading\">2021\/10 Video \u00f6ver Sj\u00f6kulla- och Kylm\u00e4l\u00e4v\u00e4gens farlighet<\/h2>\n\n\n\n<p>Sj\u00f6kullav\u00e4gen, som g\u00e5r mellan Lappb\u00f6le och Veikkola, \u00e4r absolut en av Kyrksl\u00e4tts mest farliga v\u00e4gar. Detta g\u00e4ller \u00e4ven Kylm\u00e4l\u00e4v\u00e4gen, som b\u00f6rjar vid Sj\u00f6kulla skola. Dessa b\u00e5da v\u00e4gar \u00e4r b\u00e5de smala och krokiga, sikten \u00e4r d\u00e5lig och p\u00e5 m\u00e5nga st\u00e4llen \u00e4r v\u00e4gen dessutom obelyst. P\u00e5 vinter g\u00f6r plogade sn\u00f6vallar v\u00e4gen \u00e4nnu smalare, vilket uts\u00e4tter fotg\u00e4ngare f\u00f6r allt st\u00f6rre risker. Detta \u00e4r inte okej.<\/p>\n\n\n\n<figure class=\"wp-block-video\"><video height=\"1080\" style=\"aspect-ratio: 1920 \/ 1080;\" width=\"1920\" controls poster=\"http:\/\/www.kimmen.info\/wp-content\/uploads\/2021\/10\/sjok.png\" src=\"http:\/\/www.kimmen.info\/wp-content\/uploads\/2021\/10\/Liikenneturvallisuus.mp4\"><\/video><\/figure>\n\n\n\n<h2 class=\"wp-block-heading\">Dronevideo Naissaarentien ja Upinniementien risteyksest\u00e4 <\/h2>\n\n\n\n<p>Jag gjorde en dronevideo \u00f6ver Narg\u00f6v\u00e4gens och Obbn\u00e4sv\u00e4gens korsning. H\u00e4r \u00e4r trafiks\u00e4kerheten inte helt okej med Obbn\u00e4sv\u00e4gens stora trafikm\u00e4ngder, speciellt inte f\u00f6r fotg\u00e4ngare som korsar v\u00e4gen. <\/p>\n\n\n\n<figure class=\"wp-block-video\"><video height=\"720\" style=\"aspect-ratio: 1280 \/ 720;\" width=\"1280\" controls poster=\"http:\/\/www.kimmen.info\/wp-content\/uploads\/2021\/10\/Bron-risteys.png\" src=\"http:\/\/www.kimmen.info\/wp-content\/uploads\/2021\/09\/Risteys.mp4\"><\/video><\/figure>\n\n\n\n<h2 class=\"wp-block-heading\">2021\/06 Vaalivideo nro 76 Kim Liljequist<\/h2>\n\n\n\n<figure class=\"wp-block-video\"><video height=\"1056\" style=\"aspect-ratio: 1588 \/ 1056;\" width=\"1588\" controls poster=\"http:\/\/www.kimmen.info\/wp-content\/uploads\/2021\/06\/76-v2.png\" src=\"http:\/\/www.kimmen.info\/wp-content\/uploads\/2021\/06\/76-v2.mp4\"><\/video><\/figure>\n\n\n\n<h2 class=\"wp-block-heading\">2021\/06 Yhteisty\u00f6 vaikeissa poliittisissa aiheissa<\/h2>\n\n\n\n<p><\/p>\n\n\n\n<figure class=\"wp-block-video\"><video controls poster=\"http:\/\/www.kimmen.info\/wp-content\/uploads\/2021\/06\/Potatis.png\" src=\"http:\/\/www.kimmen.info\/wp-content\/uploads\/2021\/06\/Video.mp4\"><\/video><\/figure>\n\n\n\n<h2 class=\"wp-block-heading\">2020\/12 Intro budjettineuvottelu-videolle<\/h2>\n\n\n\n<figure class=\"wp-block-video\"><video height=\"1080\" style=\"aspect-ratio: 1920 \/ 1080;\" width=\"1920\" controls poster=\"http:\/\/www.kimmen.info\/wp-content\/uploads\/2020\/12\/BFvideo.jpg\" src=\"http:\/\/www.kimmen.info\/wp-content\/uploads\/2020\/12\/Kimvideo.mp4\"><\/video><\/figure>\n\n\n\n<h2 class=\"wp-block-heading\">2020\/12 Kom med p\u00e5 webinarium<\/h2>\n\n\n\n<figure class=\"wp-block-video\"><video height=\"720\" style=\"aspect-ratio: 1280 \/ 720;\" width=\"1280\" controls poster=\"http:\/\/www.kimmen.info\/wp-content\/uploads\/2020\/12\/Webinarium.jpg\" src=\"http:\/\/www.kimmen.info\/wp-content\/uploads\/2020\/12\/Webinarium-Ankdammen-2.mp4\"><\/video><figcaption>Video Kirkkonummen kunnan webinaarista 3.12.2020. Tehty yhteisty\u00f6ss\u00e4 Aku Leijalan kanssa.<\/figcaption><\/figure>\n\n\n\n<h2 class=\"wp-block-heading\">ESA-rata, uhka vai mahdollisuus?<\/h2>\n\n\n\n<figure class=\"wp-block-video\"><video height=\"1080\" style=\"aspect-ratio: 1920 \/ 1080;\" width=\"1920\" controls poster=\"http:\/\/www.kimmen.info\/wp-content\/uploads\/2020\/12\/ESAbanan.jpg\" src=\"http:\/\/www.kimmen.info\/wp-content\/uploads\/2020\/12\/ESA.mp4\"><\/video><figcaption>Video ESA-radasta. Yhteysty\u00f6ss\u00e4 Aku Leijalan kanssa.<\/figcaption><\/figure>\n\n\n\n<h2 class=\"wp-block-heading\">2020\/11 Volskodin tulevaisuus<\/h2>\n\n\n\n<figure class=\"wp-block-video\"><video height=\"1080\" style=\"aspect-ratio: 1920 \/ 1080;\" width=\"1920\" controls poster=\"http:\/\/www.kimmen.info\/wp-content\/uploads\/2020\/11\/Volshemmet.jpg\" src=\"http:\/\/www.kimmen.info\/wp-content\/uploads\/2020\/11\/Volshemmet.mp4\"><\/video><figcaption>Video, jossa RKP:n Ulf Kjerin ja Kim Liljequist pohtivat Volskodin nykytilannetta ja tulevaisuutta.<\/figcaption><\/figure>\n\n\n\n<h2 class=\"wp-block-heading\">2010\/10 GWP-kampuksen nykytila ja tulevaisuus.<\/h2>\n\n\n\n<figure class=\"wp-block-video\"><video height=\"1080\" style=\"aspect-ratio: 1920 \/ 1080;\" width=\"1920\" controls poster=\"http:\/\/www.kimmen.info\/wp-content\/uploads\/2020\/11\/GWP.jpg\" src=\"http:\/\/www.kimmen.info\/wp-content\/uploads\/2020\/11\/GWP-3.mp4\"><\/video><figcaption>Video, jossa RKP:n Tony Bj\u00f6rk ja Kim Liljequist selvitt\u00e4\u00e4 GWP-kampuksen tulevaisuuden.<\/figcaption><\/figure>\n\n\n\n<h2 class=\"wp-block-heading\">2020\/10 Koronan aikana on t\u00e4rke\u00e4\u00e4 k\u00e4ytt\u00e4\u00e4 maskia.<\/h2>\n\n\n\n<figure class=\"wp-block-video\"><video height=\"1080\" style=\"aspect-ratio: 1920 \/ 1080;\" width=\"1920\" controls poster=\"http:\/\/www.kimmen.info\/wp-content\/uploads\/2020\/11\/Mask.jpg\" src=\"http:\/\/www.kimmen.info\/wp-content\/uploads\/2020\/11\/Maski_mask-1.mp4\"><\/video><figcaption>Video, jossa kerrotaan miten t\u00e4rke\u00e4\u00e4 on k\u00e4ytt\u00e4\u00e4 maskia koronan aikana.<\/figcaption><\/figure>\n\n\n\n<h2 class=\"wp-block-heading\">2020\/10 Karubyn koulun nykytilanne ja tulevaisuus<\/h2>\n\n\n\n<figure class=\"wp-block-video\"><video height=\"1080\" style=\"aspect-ratio: 1920 \/ 1080;\" width=\"1920\" controls poster=\"http:\/\/www.kimmen.info\/wp-content\/uploads\/2020\/11\/Karuby.jpg\" src=\"http:\/\/www.kimmen.info\/wp-content\/uploads\/2020\/11\/Karuby-skola.mp4\"><\/video><figcaption>Video, jossa KimLiljequist pohtii Karubyn koulun nykytilannetta ja tulevaisuutta.<\/figcaption><\/figure>\n\n\n\n<h2 class=\"wp-block-heading\">2020\/09 Asetu vaaleissa RKP:n ehdokkaaksi.<\/h2>\n\n\n\n<figure class=\"wp-block-video\"><video height=\"1080\" style=\"aspect-ratio: 1920 \/ 1080;\" width=\"1920\" controls poster=\"http:\/\/www.kimmen.info\/wp-content\/uploads\/2020\/11\/Kommunalval.jpg\" src=\"http:\/\/www.kimmen.info\/wp-content\/uploads\/2020\/11\/Stall-upp-i-valet.mp4\"><\/video><figcaption>Video, jossa kerrotaan, miksi kannattaa asettua ehdokkaaksi kunnallisvaaleissa 2021.<\/figcaption><\/figure>\n\n\n\n<h2 class=\"wp-block-heading\">2020\/08 Koulut alkavat, aja varovasti.<\/h2>\n\n\n\n<figure class=\"wp-block-video\"><video height=\"1080\" style=\"aspect-ratio: 1920 \/ 1080;\" width=\"1920\" controls poster=\"http:\/\/www.kimmen.info\/wp-content\/uploads\/2020\/11\/Kor-forsiktigt.jpg\" src=\"http:\/\/www.kimmen.info\/wp-content\/uploads\/2020\/11\/Kor-forsiktigt-Aja-varovasti-1.mp4\"><\/video><figcaption>Video, jossa kerrotaan ajamisen varovaisuuden t\u00e4rkeydest\u00e4, nyt kun koulut alkavat.<\/figcaption><\/figure>\n\n\n\n<h2 class=\"wp-block-heading\"> 2020\/05 Tuleejo junavarikko Kirkkonummelle?<\/h2>\n\n\n\n<figure class=\"wp-block-video\"><video height=\"1080\" style=\"aspect-ratio: 1920 \/ 1080;\" width=\"1920\" controls poster=\"http:\/\/www.kimmen.info\/wp-content\/uploads\/2020\/11\/Tag.jpg\" src=\"http:\/\/www.kimmen.info\/wp-content\/uploads\/2020\/11\/TagdepaJunavarikko.mp4\"><\/video><figcaption>Video mahdollisesta junavarikosta Kirkkonummella.<\/figcaption><\/figure>\n\n\n\n<h2 class=\"wp-block-heading\">2020\/03 ja 2020\/08 Koronavideo x 3 (yhteisty\u00f6ss\u00e4 Niklas Lindholmin kanssa)<\/h2>\n\n\n\n<figure class=\"wp-block-video\"><video height=\"1080\" style=\"aspect-ratio: 1920 \/ 1080;\" width=\"1920\" poster=\"http:\/\/www.kimmen.info\/wp-content\/uploads\/2020\/11\/Corona.jpg\" src=\"http:\/\/www.kimmen.info\/wp-content\/uploads\/2020\/11\/Muutama-lisasana-koronasta-versio-2.mp4\"><\/video><figcaption>Erilaisia videoita koronasta. Kaksi ensimm\u00e4ist\u00e4 julkaistiin 03\/2020 ja viimeisin 08\/2020.<\/figcaption><\/figure>","protected":false},"excerpt":{"rendered":"<p>Ett intresse v\u00e4cks Jag m\u00e4rkte nyligen, att jag tycker v\u00e4ldigt mycket om att producera videon. Startskottet kom i samband med corona, n\u00e4r jag som f\u00f6retagare funderade \u00f6ver olika digitala m\u00f6jligheter till att n\u00e5 ut till kunder och intresserade f\u00f6r mitt f\u00f6retag NK F\u00f6rs\u00e4kringsm\u00e4klarna Ab. Jag gjorde n\u00e5gra f\u00f6rs\u00f6ksvideon och p\u00e5 basen av hur roligt det [&hellip;]<\/p>\n","protected":false},"author":1,"featured_media":0,"parent":0,"menu_order":0,"comment_status":"closed","ping_status":"closed","template":"","meta":{"footnotes":""},"class_list":["post-137","page","type-page","status-publish","hentry"],"_links":{"self":[{"href":"https:\/\/www.kimmen.info\/fi\/wp-json\/wp\/v2\/pages\/137","targetHints":{"allow":["GET"]}}],"collection":[{"href":"https:\/\/www.kimmen.info\/fi\/wp-json\/wp\/v2\/pages"}],"about":[{"href":"https:\/\/www.kimmen.info\/fi\/wp-json\/wp\/v2\/types\/page"}],"author":[{"embeddable":true,"href":"https:\/\/www.kimmen.info\/fi\/wp-json\/wp\/v2\/users\/1"}],"replies":[{"embeddable":true,"href":"https:\/\/www.kimmen.info\/fi\/wp-json\/wp\/v2\/comments?post=137"}],"version-history":[{"count":78,"href":"https:\/\/www.kimmen.info\/fi\/wp-json\/wp\/v2\/pages\/137\/revisions"}],"predecessor-version":[{"id":806,"href":"https:\/\/www.kimmen.info\/fi\/wp-json\/wp\/v2\/pages\/137\/revisions\/806"}],"wp:attachment":[{"href":"https:\/\/www.kimmen.info\/fi\/wp-json\/wp\/v2\/media?parent=137"}],"curies":[{"name":"wp","href":"https:\/\/api.w.org\/{rel}","templated":true}]}}