{"id":6,"date":"2020-11-09T20:53:19","date_gmt":"2020-11-09T18:53:19","guid":{"rendered":"http:\/\/www.kimmen.info\/?page_id=6"},"modified":"2025-04-02T08:10:56","modified_gmt":"2025-04-02T06:10:56","slug":"visions","status":"publish","type":"page","link":"http:\/\/www.kimmen.info\/fi\/visions\/","title":{"rendered":"Visiot"},"content":{"rendered":"<div class=\"wp-block-image is-style-rounded\">\n<figure class=\"alignright size-large is-resized\"><img loading=\"lazy\" decoding=\"async\" width=\"1024\" height=\"768\" src=\"http:\/\/www.kimmen.info\/wp-content\/uploads\/2021\/03\/Kirjasto-3-1024x768.jpg\" alt=\"\" class=\"wp-image-685\" style=\"width:326px;height:192px\" srcset=\"http:\/\/www.kimmen.info\/wp-content\/uploads\/2021\/03\/Kirjasto-3-1024x768.jpg 1024w, http:\/\/www.kimmen.info\/wp-content\/uploads\/2021\/03\/Kirjasto-3-300x225.jpg 300w, http:\/\/www.kimmen.info\/wp-content\/uploads\/2021\/03\/Kirjasto-3-768x576.jpg 768w, http:\/\/www.kimmen.info\/wp-content\/uploads\/2021\/03\/Kirjasto-3-1536x1152.jpg 1536w, http:\/\/www.kimmen.info\/wp-content\/uploads\/2021\/03\/Kirjasto-3-2048x1536.jpg 2048w, http:\/\/www.kimmen.info\/wp-content\/uploads\/2021\/03\/Kirjasto-3-16x12.jpg 16w\" sizes=\"auto, (max-width: 1024px) 100vw, 1024px\" \/><\/figure>\n<\/div>\n\n\n<p>Hyv\u00e4 lukija,<\/p>\n\n\n\n<p>milt\u00e4 tulevaisuuden Kirkkonummi pit\u00e4isi n\u00e4ytt\u00e4\u00e4? T\u00e4t\u00e4 olen pohtinut ja valinnut joitakin asioita, joiden eteen haluan tehd\u00e4 t\u00f6it\u00e4 paikallispolitiikassa. Asioita, jotka ovat l\u00e4hell\u00e4 syd\u00e4nt\u00e4ni. Visioni on, ett\u00e4<\/p>\n\n\n\n<hr class=\"wp-block-separator has-alpha-channel-opacity\"\/>\n\n\n<ul>\n<li>\n<h4><strong>Kirkkonummi on Uudenmaan helmi. Uniikki ja inspiroiva koti kaikille.<\/strong><\/h4>\n<\/li>\n<li>\n<h4><strong>Kirkkonummi on kaksikielinen, luonnonyst\u00e4v\u00e4llinen kunta p\u00e4\u00e4kaupungin l\u00e4hell\u00e4. T\u00e4ss\u00e4 yhdistyy aktiivinen pikkukaupunkiel\u00e4m\u00e4 luonnonl\u00e4heiseen asumiseen. Eri ik\u00e4isille pit\u00e4\u00e4 l\u00f6yty\u00e4 monipuoliset liikuntamahdollisuudet ja merkitt\u00e4v\u00e4 kulttuuritarjonta.<\/strong><\/h4>\n<\/li>\n<li>\n<h4><strong>Kirkkonummella asuu tyytyv\u00e4isi\u00e4 kuntalaisia. N\u00e4m\u00e4 vaikuttavat aktiivisesti tulevaisuutensa ja rakentavat yhdess\u00e4 monipuolisen kunnan, jossa sek\u00e4 nuoret ett\u00e4 vanhemmat henkil\u00f6t voivat tuntea olevansa turvassa, haluavansa asua ja ik\u00e4\u00e4nty\u00e4. Ket\u00e4\u00e4n ei saa unohtaa.<\/strong><\/h4>\n<\/li>\n<li>\n<h4><strong>Kirkkonummi koostuu monesta eri kasvukeskuksesta. Haluan tehd\u00e4 t\u00f6it\u00e4 sen eteen, ett\u00e4 n\u00e4m\u00e4 kukoistavat rinta rinnan. Kuntalaisilla pit\u00e4\u00e4 olla j\u00e4rkev\u00e4 liikenneverkosto j\u00e4rkev\u00e4ll\u00e4 julkisella liikenteell\u00e4.<\/strong><\/h4>\n<\/li>\n<li>\n<h4><strong>Kirkkonummi aktiivisesti houkuttaa yritt\u00e4ji\u00e4 ja ty\u00f6paikkoja luodaan l\u00e4hell\u00e4 kotia. Kirkkonummen sijainti Uudellamaalla antaa mahdollisuudet loistavaan tulevaisuuteen. Kunnan vetovoima on jatkuvasti kehitett\u00e4v\u00e4, muttei luonnon kustannuksella.<\/strong><\/h4>\n<\/li>\n<\/ul>\n\n\n<table id=\"tablepress-1\" class=\"tablepress tablepress-id-1\">\n<tbody class=\"row-striping row-hover\">\n<tr class=\"row-1\">\n\t<td class=\"column-1\"><img loading=\"lazy\" decoding=\"async\" src=\"http:\/\/www.kimmen.info\/wp-content\/uploads\/2025\/04\/Ajatuksia-valtuustosta-300x300.png\" alt=\"\" width=\"300\" height=\"300\" class=\"aligncenter size-medium wp-image-1119\" srcset=\"http:\/\/www.kimmen.info\/wp-content\/uploads\/2025\/04\/Ajatuksia-valtuustosta-300x300.png 300w, http:\/\/www.kimmen.info\/wp-content\/uploads\/2025\/04\/Ajatuksia-valtuustosta-1024x1024.png 1024w, http:\/\/www.kimmen.info\/wp-content\/uploads\/2025\/04\/Ajatuksia-valtuustosta-150x150.png 150w, http:\/\/www.kimmen.info\/wp-content\/uploads\/2025\/04\/Ajatuksia-valtuustosta-768x768.png 768w, http:\/\/www.kimmen.info\/wp-content\/uploads\/2025\/04\/Ajatuksia-valtuustosta-1536x1536.png 1536w\" sizes=\"auto, (max-width: 300px) 100vw, 300px\" \/><br \/>\n<br \/>\n <br \/>\n<strong>Kunnallisvaaliehdokkaana olen miettinyt, mit\u00e4 haluaisin, ett\u00e4 yhdess\u00e4 saavuttaisimme. Lyhyesti sanottuna: haaveilen hyv\u00e4st\u00e4 ja vastuullisesta valtuustosta, jossa tulos ratkaisee. Valtuustosta, jossa ihmiset kunnioittavat ja kuuntelevat toisiaan. Valtuustosta, jossa rakennetaan parempi huominen meille kaikille taustasta, i\u00e4st\u00e4 ja taloudellisesta tilanteesta riippumatta. Valtuustosta, jonka p\u00e4\u00e4t\u00f6ksiss\u00e4 ket\u00e4\u00e4n ei unohdeta tai j\u00e4tet\u00e4 yksin. Yhdess\u00e4, tillsammans.<\/strong><br \/>\n<br \/>\nSom kommunalvalskandidat har jag funderat p\u00e5 vad jag skulle vilja att vi tillsammans uppn\u00e5r. Kort sagt: jag dr\u00f6mmer om ett effektivt och ansvarsfullt fullm\u00e4ktige, d\u00e4r resultaten \u00e4r det som r\u00e4knas. Ett fullm\u00e4ktige d\u00e4r m\u00e4nniskor respekterar och lyssnar p\u00e5 varandra. Ett fullm\u00e4ktige som bygger en b\u00e4ttre morgondag f\u00f6r oss alla \u2013 oavsett bakgrund, \u00e5lder eller ekonomisk situation. Ett fullm\u00e4ktige d\u00e4r ingen i besluten gl\u00f6ms bort eller l\u00e4mnas ensam. Yhdess\u00e4, tillsammans. <br \/>\n<br \/>\nKuva\/bild: Kantvik (Kim Liljequist)<\/td>\n<\/tr>\n<tr class=\"row-2\">\n\t<td class=\"column-1\"><img loading=\"lazy\" decoding=\"async\" src=\"http:\/\/www.kimmen.info\/wp-content\/uploads\/2025\/04\/Tankar-om-naturen-300x300.png\" alt=\"\" width=\"300\" height=\"300\" class=\"aligncenter size-medium wp-image-1120\" srcset=\"http:\/\/www.kimmen.info\/wp-content\/uploads\/2025\/04\/Tankar-om-naturen-300x300.png 300w, http:\/\/www.kimmen.info\/wp-content\/uploads\/2025\/04\/Tankar-om-naturen-1024x1024.png 1024w, http:\/\/www.kimmen.info\/wp-content\/uploads\/2025\/04\/Tankar-om-naturen-150x150.png 150w, http:\/\/www.kimmen.info\/wp-content\/uploads\/2025\/04\/Tankar-om-naturen-768x768.png 768w, http:\/\/www.kimmen.info\/wp-content\/uploads\/2025\/04\/Tankar-om-naturen-1536x1536.png 1536w, http:\/\/www.kimmen.info\/wp-content\/uploads\/2025\/04\/Tankar-om-naturen-2048x2048.png 2048w, http:\/\/www.kimmen.info\/wp-content\/uploads\/2025\/04\/Tankar-om-naturen-12x12.png 12w, http:\/\/www.kimmen.info\/wp-content\/uploads\/2025\/04\/Tankar-om-naturen-624x624.png 624w\" sizes=\"auto, (max-width: 300px) 100vw, 300px\" \/><br \/>\n<br \/>\n<strong>Som lokalpolitiker har jag funderat p\u00e5 naturens inneb\u00f6rd. Insett hur otroligt viktig den \u00e4r f\u00f6r alla oss, oberoende om vi \u00e4r unga eller gamla. Naturen ger oss v\u00e4lm\u00e5ende och rekreation, den ger oss b\u00e4r och svamp, den ger oss frisk luft. Vi har ett ansvar att sk\u00f6ta den v\u00e4l, s\u00e5 att b\u00e5de tr\u00e4den och djuren, f\u00e5glarna och sm\u00e5krypen som bor i den m\u00e5r bra. I Finland har vi alltid v\u00e4rderat gr\u00f6na v\u00e4rden, och med tanke p\u00e5 kommande generationer skall vi forts\u00e4tta g\u00f6ra s\u00e5. Men vi f\u00e5r inte heller gl\u00f6mma att traditionellt har Finland haft en stark skogsindustri, s\u00e5 en del av skogen kan vi och b\u00f6r vi anv\u00e4nda till ekonomibruk \u00e4ven i framtiden. Vi m\u00e5ste hitta vettig en balans i detta. Yhdess\u00e4, tillsammans.<\/strong> <br \/>\n<br \/>\nPaikallispoliitikkona olen pohtinut luonnon merkityst\u00e4. Olen oivaltanut, kuinka \u00e4\u00e4rimm\u00e4isen t\u00e4rke\u00e4 se on meille kaikille, riippumatta siit\u00e4, olemmeko nuoria vai vanhoja. Luonto tarjoaa meille hyvinvointia ja virkistyst\u00e4, se antaa meille marjoja ja sieni\u00e4, se tarjoaa raikasta ilmaa. Meill\u00e4 on vastuu huolehtia luonnon hyvinvoinnista, jotta puut ja siell\u00e4 asuvat el\u00e4imet, linnut ja koppakuoriaiset voivat hyvin. Suomessa olemme aina arvostaneet vihreit\u00e4 arvoja, ja tulevia sukupolvia ajatellen meid\u00e4n on jatkettava samalla tiell\u00e4. Emme kuitenkaan saa unohtaa, ett\u00e4 perinteisesti Suomessa on ollut vahva mets\u00e4teollisuus, joten osa metsist\u00e4 voidaan ja tulee hy\u00f6dynt\u00e4\u00e4 taloudellisesti my\u00f6s tulevaisuudessa. Meid\u00e4n on l\u00f6ydett\u00e4v\u00e4 j\u00e4rkev\u00e4 tasapaino t\u00e4ss\u00e4 asiassa. Yhdess\u00e4, tillsammans. <br \/>\n<br \/>\nBild\/kuva: Wohls g\u00e5rd ek\/tammi (Kim Liljequist)<\/td>\n<\/tr>\n<tr class=\"row-3\">\n\t<td class=\"column-1\"><img loading=\"lazy\" decoding=\"async\" src=\"http:\/\/www.kimmen.info\/wp-content\/uploads\/2025\/04\/Ajatuksia-liikenneturvallisuudesta-300x300.png\" alt=\"\" width=\"300\" height=\"300\" class=\"aligncenter size-medium wp-image-1118\" srcset=\"http:\/\/www.kimmen.info\/wp-content\/uploads\/2025\/04\/Ajatuksia-liikenneturvallisuudesta-300x300.png 300w, http:\/\/www.kimmen.info\/wp-content\/uploads\/2025\/04\/Ajatuksia-liikenneturvallisuudesta-1024x1024.png 1024w, http:\/\/www.kimmen.info\/wp-content\/uploads\/2025\/04\/Ajatuksia-liikenneturvallisuudesta-150x150.png 150w, http:\/\/www.kimmen.info\/wp-content\/uploads\/2025\/04\/Ajatuksia-liikenneturvallisuudesta-768x768.png 768w, http:\/\/www.kimmen.info\/wp-content\/uploads\/2025\/04\/Ajatuksia-liikenneturvallisuudesta-1536x1536.png 1536w, http:\/\/www.kimmen.info\/wp-content\/uploads\/2025\/04\/Ajatuksia-liikenneturvallisuudesta-2048x2048.png 2048w, http:\/\/www.kimmen.info\/wp-content\/uploads\/2025\/04\/Ajatuksia-liikenneturvallisuudesta-12x12.png 12w, http:\/\/www.kimmen.info\/wp-content\/uploads\/2025\/04\/Ajatuksia-liikenneturvallisuudesta-624x624.png 624w\" sizes=\"auto, (max-width: 300px) 100vw, 300px\" \/><br \/>\n<br \/>\n<strong>Haaveilen Kirkkonummesta, jossa ei satu kuolintapauksia tai vaikeita vammautumisia liikenteess\u00e4. Haaveilen rauhallisesta ja vastuullisesta liikennekulttuurista, jossa jalankulkijoiden on turvallista k\u00e4vell\u00e4, py\u00f6r\u00e4ilij\u00f6iden turvallista py\u00f6r\u00e4ill\u00e4 ja autojen turvallista ajaa. Haaveilen hyv\u00e4st\u00e4 ja laajasta kevyen liikenteen verkostosta, hyv\u00e4kuntoisista ajoradoista ja riitt\u00e4v\u00e4st\u00e4 tievalaistuksesta. Kaikenik\u00e4isi\u00e4 pit\u00e4\u00e4 huomioida esteett\u00f6myytt\u00e4 unohtamatta, ket\u00e4\u00e4n ei saa j\u00e4tt\u00e4\u00e4 yksin liikennehaasteiden kanssa. Kirkkonummella moni n\u00e4ist\u00e4 asioita toteutuu jo, muttei ihan kaikki. Liikenneturvallisuuden puolesta olen itse, kuten moni muukin, tehnyt aktiivista ty\u00f6t\u00e4. T\u00e4t\u00e4 ty\u00f6t\u00e4 on ehdottomasti syyt\u00e4 jatkaa.<\/strong><br \/>\n<br \/>\nJag dr\u00f6mmer om ett Kyrksl\u00e4tt d\u00e4r inga d\u00f6dsfall eller sv\u00e5ra skador intr\u00e4ffar i trafiken. Jag dr\u00f6mmer om en lugn och ansvarsfull trafikkultur, d\u00e4r det \u00e4r tryggt f\u00f6r fotg\u00e4ngare att g\u00e5, f\u00f6r cyklister att cykla och f\u00f6r bilar att k\u00f6ra. Jag dr\u00f6mmer om ett bra och omfattande n\u00e4tverk f\u00f6r l\u00e4tt trafik, v\u00e4lsk\u00f6tta k\u00f6rbanor och tillr\u00e4cklig v\u00e4gbelysning. Alla \u00e5ldersgrupper m\u00e5ste beaktas, utan att gl\u00f6mma tillg\u00e4nglighet \u2013 ingen ska l\u00e4mnas ensam med trafikrelaterade utmaningar. I Kyrksl\u00e4tt uppfylls redan m\u00e5nga av dessa saker, men inte alla. Jag, liksom m\u00e5nga andra, har aktivt arbetat f\u00f6r trafiks\u00e4kerheten. Detta arbete m\u00e5ste absolut forts\u00e4tta.<br \/>\n<br \/>\nKuva\/bild: Upinniementien - Naissaarentien risteys (Kim Liljequist)<\/td>\n<\/tr>\n<tr class=\"row-4\">\n\t<td class=\"column-1\"><img loading=\"lazy\" decoding=\"async\" src=\"http:\/\/www.kimmen.info\/wp-content\/uploads\/2025\/04\/Tvasprakighet-300x300.png\" alt=\"\" width=\"300\" height=\"300\" class=\"aligncenter size-medium wp-image-1121\" srcset=\"http:\/\/www.kimmen.info\/wp-content\/uploads\/2025\/04\/Tvasprakighet-300x300.png 300w, http:\/\/www.kimmen.info\/wp-content\/uploads\/2025\/04\/Tvasprakighet-1024x1024.png 1024w, http:\/\/www.kimmen.info\/wp-content\/uploads\/2025\/04\/Tvasprakighet-150x150.png 150w, http:\/\/www.kimmen.info\/wp-content\/uploads\/2025\/04\/Tvasprakighet-768x768.png 768w, http:\/\/www.kimmen.info\/wp-content\/uploads\/2025\/04\/Tvasprakighet-1536x1536.png 1536w\" sizes=\"auto, (max-width: 300px) 100vw, 300px\" \/><br \/>\n<br \/>\n<strong>P\u00e5 samma s\u00e4tt som \u00e5krar, str\u00e4nder och b\u00f6ljande hav l\u00e4nge har h\u00f6rt till Kyrksl\u00e4tts identitet, s\u00e5 g\u00f6r \u00e4ven tv\u00e5spr\u00e5kigheten det. Eller egentligen flerspr\u00e5kigheten, ty kring 20 % av befolkningen h\u00e4r har ett annat modersm\u00e5l \u00e4n svenska eller finska. Jag tycker att det \u00e4r en rikedom att det finns flera spr\u00e5k i vardagen, och jag har vuxit upp i en kommun d\u00e4r dessa existerat sida vid sida. N\u00e4r man f\u00e5r service och bem\u00f6tande p\u00e5 sitt modersm\u00e5l k\u00e4nner man sig hemma, man k\u00e4nner sig trygg och delaktig i samh\u00e4llet. Detta \u00e4r n\u00e5got jag vill jobba f\u00f6r; f\u00f6r ett m\u00e5ngspr\u00e5kigt Kyrksl\u00e4tt med en stark svenska. <br \/>\nDetta skapar b\u00e5de v\u00e4lm\u00e5ende och dragningskraft \u00e5t oss alla.<\/strong><br \/>\n<br \/>\nSamalla tavalla kuin pellot, rannat ja lainehtiva meri ovat jo pitk\u00e4\u00e4n kuuluneet Kirkkonummen identiteettiin, my\u00f6s kaksikielisyys on osa sit\u00e4. Tai oikeastaan monikielisyys, sill\u00e4 noin 20 % v\u00e4est\u00f6st\u00e4 t\u00e4\u00e4ll\u00e4 puhuu \u00e4idinkielen\u00e4\u00e4n jotain muuta kuin suomea tai ruotsia. Mielest\u00e4ni on rikkaus, ett\u00e4 arjessa on mukana useita kieli\u00e4, ja olen itse kasvanut kunnassa, jossa n\u00e4m\u00e4 ovat el\u00e4neet rinnakkain. Kun saa palvelua ja kohdataan omalla \u00e4idinkielell\u00e4\u00e4n, tuntee olonsa kotoisaksi, turvalliseksi ja osaksi yhteiskuntaa. T\u00e4t\u00e4 haluan olla edist\u00e4m\u00e4ss\u00e4 \u2013 monikielisen Kirkkonummen puolesta, jossa ruotsin kielell\u00e4 on vahva asema. T\u00e4m\u00e4 luo meille kaikille hyvinvointia ja vetovoimaa.<br \/>\n<br \/>\nBild\/kuva: Obbn\u00e4s-Pickalaviken\/Upinniemi-Pikkalanlahti (Kim Liljequist)<\/td>\n<\/tr>\n<tr class=\"row-5\">\n\t<td class=\"column-1\"><img loading=\"lazy\" decoding=\"async\" src=\"http:\/\/www.kimmen.info\/wp-content\/uploads\/2025\/04\/Suoraselkaisyys-300x300.png\" alt=\"\" width=\"300\" height=\"300\" class=\"aligncenter size-medium wp-image-1134\" srcset=\"http:\/\/www.kimmen.info\/wp-content\/uploads\/2025\/04\/Suoraselkaisyys-300x300.png 300w, http:\/\/www.kimmen.info\/wp-content\/uploads\/2025\/04\/Suoraselkaisyys-1024x1024.png 1024w, http:\/\/www.kimmen.info\/wp-content\/uploads\/2025\/04\/Suoraselkaisyys-150x150.png 150w, http:\/\/www.kimmen.info\/wp-content\/uploads\/2025\/04\/Suoraselkaisyys-768x768.png 768w, http:\/\/www.kimmen.info\/wp-content\/uploads\/2025\/04\/Suoraselkaisyys-1536x1536.png 1536w\" sizes=\"auto, (max-width: 300px) 100vw, 300px\" \/><br \/>\n<br \/>\n<strong>Suoraselk\u00e4isyys ei ole vain luonteenpiirre, vaan se on valinta. Se on p\u00e4\u00e4t\u00f6s toimia oikein, vaikka kukaan ei katsoisi. Se on kyky\u00e4 seist\u00e4 omien sanojensa ja tekojensa takana, my\u00f6s silloin kun on helpompaa vaieta tai v\u00e4ist\u00e4\u00e4 vastuuta. Siksi arvostan suuresti suoraselk\u00e4isyytt\u00e4, sek\u00e4 poliitikoissa ett\u00e4 heid\u00e4n p\u00e4\u00e4t\u00f6ksiss\u00e4\u00e4n. Ainakin minulle suoraselk\u00e4isyys on se kompassi, joka ohjaa minut tekem\u00e4\u00e4n oikein. Sellainen poliitikko haluan olla.<\/strong><br \/>\n<br \/>\nRakryggadhet \u00e4r inte bara ett karakt\u00e4rsdrag, utan ett val. Det \u00e4r ett beslut att g\u00f6ra det r\u00e4tta, \u00e4ven n\u00e4r ingen ser. Det \u00e4r f\u00f6rm\u00e5gan att st\u00e5 f\u00f6r sina ord och handlingar, \u00e4ven n\u00e4r det vore l\u00e4ttare att tiga eller undvika ansvar. D\u00e4rf\u00f6r v\u00e4rdes\u00e4tter jag rakryggadhet h\u00f6gt, b\u00e5de hos politiker och i deras beslut. F\u00f6r mig \u00e4r rakryggadhet den kompass som v\u00e4gleder mig att g\u00f6ra det r\u00e4tta. En s\u00e5dan politiker vill jag vara.<br \/>\n<br \/>\nKuva\/bild: Vesitorninm\u00e4ki vattentornsbacken (Kim Liljequist)<br \/>\n<\/td>\n<\/tr>\n<\/tbody>\n<\/table>\n\n\n\n\n<hr class=\"wp-block-separator has-css-opacity\"\/>\n\n\n\n<p>Vastaan mielell\u00e4ni kysymyksiin, jos haluatte tiet\u00e4\u00e4 ajatuksistani lis\u00e4\u00e4. Tai RKP:n toiminnasta, miten voi vaikuttaa, milt\u00e4 tuntuu olla mukana ja kuinka paljon aikaa politiikka vaatii. Minut tavoittaa numerosta 050-337 2555 tai etunimi.sukunimi@kirkkonummi.fi.<\/p>\n\n\n\n<p>Toivottavasti n\u00e4hd\u00e4\u00e4n politiikassa,<\/p>\n\n\n<figure class=\"wp-block-image alignleft size-large is-resized\"><img loading=\"lazy\" decoding=\"async\" class=\"alignnone wp-image-1081 size-medium\" style=\"width: 86px; height: 86px;\" src=\"http:\/\/www.kimmen.info\/wp-content\/uploads\/2025\/02\/imageedit_1_6794209362-300x300.png\" alt=\"\" width=\"300\" height=\"300\" srcset=\"http:\/\/www.kimmen.info\/wp-content\/uploads\/2025\/02\/imageedit_1_6794209362-300x300.png 300w, http:\/\/www.kimmen.info\/wp-content\/uploads\/2025\/02\/imageedit_1_6794209362-1024x1024.png 1024w, http:\/\/www.kimmen.info\/wp-content\/uploads\/2025\/02\/imageedit_1_6794209362-150x150.png 150w, http:\/\/www.kimmen.info\/wp-content\/uploads\/2025\/02\/imageedit_1_6794209362-768x768.png 768w, http:\/\/www.kimmen.info\/wp-content\/uploads\/2025\/02\/imageedit_1_6794209362-12x12.png 12w, http:\/\/www.kimmen.info\/wp-content\/uploads\/2025\/02\/imageedit_1_6794209362-624x624.png 624w, http:\/\/www.kimmen.info\/wp-content\/uploads\/2025\/02\/imageedit_1_6794209362.png 1354w\" sizes=\"auto, (max-width: 300px) 100vw, 300px\" \/><\/figure>\n\n\n<blockquote class=\"wp-block-quote is-layout-flow wp-block-quote-is-layout-flow\">\n<p><strong>Kim Liljequist &#8221;Det man g\u00f6r, det g\u00f6r man ordentligt!<\/strong>&#8221;<\/p>\n<\/blockquote>\n\n\n\n<p><\/p>\n\n\n\n<p><\/p>","protected":false},"excerpt":{"rendered":"<p>B\u00e4sta l\u00e4sare, hur borde det framtida Kyrksl\u00e4tt se ut? Jag har funderat \u00f6ver saker, som k\u00e4nns speciellt viktiga att jobba f\u00f6r i lokalpolitiken. \u00c4renden, som \u00e4r mitt hj\u00e4rta n\u00e4ra. Min vision skulle vara att Kyrksl\u00e4tt \u00e4r p\u00e4rlan i Nyland. Ett unikt och inspirerande hem f\u00f6r alla. Kyrksl\u00e4tt \u00e4r en tv\u00e5spr\u00e5kig klimatsmart kommun n\u00e4ra huvudstaden, och [&hellip;]<\/p>\n","protected":false},"author":1,"featured_media":0,"parent":0,"menu_order":0,"comment_status":"closed","ping_status":"closed","template":"","meta":{"footnotes":""},"class_list":["post-6","page","type-page","status-publish","hentry"],"_links":{"self":[{"href":"http:\/\/www.kimmen.info\/fi\/wp-json\/wp\/v2\/pages\/6","targetHints":{"allow":["GET"]}}],"collection":[{"href":"http:\/\/www.kimmen.info\/fi\/wp-json\/wp\/v2\/pages"}],"about":[{"href":"http:\/\/www.kimmen.info\/fi\/wp-json\/wp\/v2\/types\/page"}],"author":[{"embeddable":true,"href":"http:\/\/www.kimmen.info\/fi\/wp-json\/wp\/v2\/users\/1"}],"replies":[{"embeddable":true,"href":"http:\/\/www.kimmen.info\/fi\/wp-json\/wp\/v2\/comments?post=6"}],"version-history":[{"count":62,"href":"http:\/\/www.kimmen.info\/fi\/wp-json\/wp\/v2\/pages\/6\/revisions"}],"predecessor-version":[{"id":1128,"href":"http:\/\/www.kimmen.info\/fi\/wp-json\/wp\/v2\/pages\/6\/revisions\/1128"}],"wp:attachment":[{"href":"http:\/\/www.kimmen.info\/fi\/wp-json\/wp\/v2\/media?parent=6"}],"curies":[{"name":"wp","href":"https:\/\/api.w.org\/{rel}","templated":true}]}}