{"id":246,"date":"2020-11-11T21:47:20","date_gmt":"2020-11-11T19:47:20","guid":{"rendered":"http:\/\/www.kimmen.info\/?page_id=246"},"modified":"2025-02-02T09:43:40","modified_gmt":"2025-02-02T07:43:40","slug":"cv","status":"publish","type":"page","link":"http:\/\/www.kimmen.info\/fi\/cv\/","title":{"rendered":"CV ja luottamustoimet"},"content":{"rendered":"<p>Alla voit lukea opinnoistani, luottamustoimistani sek\u00e4 ty\u00f6historiastani.<\/p>\n\n\n<p><span style=\"text-decoration: underline;\"><span style=\"color: #000000;\"><strong>LUOTTAMUSTOIMET<\/strong><\/span><\/span><\/p>\n<ul>\n<li><strong>Varapuheenjohtaja, <\/strong>RKP Kirkkonummen kuntaorganisaatio<\/li>\n<li><strong>Hallituksen j\u00e4sen, <\/strong>SFP i s\u00f6dra Kyrksl\u00e4tt 2019-&gt;<\/li>\n<li><strong>J\u00e4sen kunnanvaltuustossa<\/strong>, Kirkkonummen kunta 2021-&gt;<\/li>\n<li><strong>J\u00e4sen yhdyskuntatekniikan lautakunnassa<\/strong>, Kirkkonummen kunta 2021-&gt;<\/li>\n<li><strong>Varaj\u00e4sen kunnanhallituksessa<\/strong>, Kirkkonummen kunta 2021-&gt;<\/li>\n<li><strong>J\u00e4sen MAL 2023-suunnitteluryhm\u00e4ss\u00e4<\/strong>, HRT 2021-&gt;2023<\/li>\n<li><strong>J\u00e4sen Ruotsinkielisess\u00e4 varhaiskasvatus- ja opetuslautakunnassa<\/strong>, Kirkkonummen kunta 2019 - 2021<\/li>\n<li><strong>J\u00e4sen RKP:ssa ja Kirkkonummen RKP:n viestint\u00e4tiimin j\u00e4sen<\/strong>, 2019-&gt;<\/li>\n<li><strong>J\u00e4sen Vakuutusedustuslautakunnassa<\/strong>, Sosiaali- ja Terveysministeri\u00f6 2017-&gt;<\/li>\n<li><strong>Erityisty\u00f6ryhm\u00e4n j\u00e4sen<\/strong>, Suomen Vakuutusmeklariliitto 2017-&gt;<\/li>\n<li><strong>Yritysmentori<\/strong>, Omnia 2015- 2017<\/li>\n<li><strong>Hallituksen j\u00e4sen<\/strong>, Pro Str\u00f6msby ry 2010-&gt;<\/li>\n<li><strong>Hallituksen j\u00e4sen ja varapuheenjohtaja<\/strong>, Jolkby-Heikkil\u00e4-Laajakallion asukasyhdistys 2009-2011<\/li>\n<li><strong>Hallituksen j\u00e4sen, is\u00e4nn\u00f6itsij\u00e4<\/strong>, (<strong>hallituksen puheenjohtaja 2013-14),<\/strong> ASOY Ahmatie 6 2009 - 2014<\/li>\n<li><strong>Hallituksen j\u00e4sen<\/strong>, ASOY T\u00e4htitorninkatu 14<\/li>\n<\/ul>\n<p><span style=\"text-decoration: underline; color: #000000;\"><strong>TY\u00d6EL\u00c4M\u00c4<\/strong><\/span><\/p>\n<ul>\n<li><strong>Yritt\u00e4j\u00e4 ja TJ<\/strong>, NK Vakuutusmeklarit Oy 2017-&gt;<\/li>\n<li><strong>Vakuutusmeklari<\/strong>, NK Vakuutusmeklarit Oy 2014<\/li>\n<li><strong>Myyntip\u00e4\u00e4llikk\u00f6<\/strong>, Pohjola Vakuutus Oy 2011<\/li>\n<li><strong>Vakuutusasiamies<\/strong>, Tapiola 2010<\/li>\n<li><strong>Myyntip\u00e4\u00e4llikk\u00f6<\/strong>, Suomen Economia Oy 2009<\/li>\n<\/ul>\n<p><span style=\"text-decoration: underline;\"><span style=\"color: #000000;\"><strong>TUTKINNOT<\/strong><\/span><\/span><\/p>\n<ul>\n<li><strong>Kauppatieteiden maisteri<\/strong>, Hanken 2011<\/li>\n<li><strong>Ylempi vakuutustutkinto<\/strong>, Aalto Yliopisto 2017<\/li>\n<li><strong>Vakuutusmeklaritutkinto<\/strong>, Sosiaali- ja terveysministeri\u00f6 2014<\/li>\n<li><strong>APV-1 Arvopaperiv\u00e4litt\u00e4j\u00e4n tutkinto<\/strong>, Aalto Yliopisto 2010<\/li>\n<li><strong>Yritt\u00e4j\u00e4n ammattitutkinto, <\/strong>MJK-Instituutti 2009<\/li>\n<li><strong>EKT-taksikortti,<\/strong> 1997<\/li>\n<li><strong>Ylioppilas<\/strong>, Kyrksl\u00e4tts Gymnasium 1996<\/li>\n<\/ul>\n\n\n<hr class=\"wp-block-separator has-css-opacity\"\/>\n\n\n\n<hr class=\"wp-block-separator has-css-opacity\"\/>\n\n\n\n<p>Toivottavasti n\u00e4hd\u00e4\u00e4n politiikassa,<\/p>\n\n\n<figure class=\"wp-block-image alignleft size-large is-resized\"><img loading=\"lazy\" decoding=\"async\" class=\"alignnone wp-image-1081 size-medium\" style=\"width: 86px; height: 86px;\" src=\"http:\/\/www.kimmen.info\/wp-content\/uploads\/2025\/02\/imageedit_1_6794209362-300x300.png\" alt=\"\" width=\"300\" height=\"300\" srcset=\"http:\/\/www.kimmen.info\/wp-content\/uploads\/2025\/02\/imageedit_1_6794209362-300x300.png 300w, http:\/\/www.kimmen.info\/wp-content\/uploads\/2025\/02\/imageedit_1_6794209362-1024x1024.png 1024w, http:\/\/www.kimmen.info\/wp-content\/uploads\/2025\/02\/imageedit_1_6794209362-150x150.png 150w, http:\/\/www.kimmen.info\/wp-content\/uploads\/2025\/02\/imageedit_1_6794209362-768x768.png 768w, http:\/\/www.kimmen.info\/wp-content\/uploads\/2025\/02\/imageedit_1_6794209362-12x12.png 12w, http:\/\/www.kimmen.info\/wp-content\/uploads\/2025\/02\/imageedit_1_6794209362-624x624.png 624w, http:\/\/www.kimmen.info\/wp-content\/uploads\/2025\/02\/imageedit_1_6794209362.png 1354w\" sizes=\"auto, (max-width: 300px) 100vw, 300px\" \/><\/figure>\n\n\n<blockquote class=\"wp-block-quote is-layout-flow wp-block-quote-is-layout-flow\">\n<p><strong>Kim Liljequist &#8221;Det man g\u00f6r, det g\u00f6r man ordentligt!<\/strong>&#8221;<\/p>\n<\/blockquote>\n\n\n\n<p><\/p>","protected":false},"excerpt":{"rendered":"<p>Nedan kan du l\u00e4sa om min studier, f\u00f6rtroendeuppdrag samt historia p\u00e5 arbetsmarknaden. F\u00d6RTROENDEUPPDRAG Viceordf\u00f6rande, SFP i Kyrksl\u00e4tts kommunorganisation\u00a02022-&gt; Styrelsemedlem, SFP i s\u00f6dra Kyrksl\u00e4tt 2019-&gt; Ledamot i kommunfullm\u00e4ktige, Kyrksl\u00e4tts kommun 2021-&gt; Ledamot i samh\u00e4llstekniska n\u00e4mnden, Kyrksl\u00e4tts kommun 2021-&gt; Suppleant i kommunstyrelsen, Kyrksl\u00e4tts kommun 2021-&gt; Medlem i MBT 2023-planeringsgrupp, HRT 2021-&gt;2023 Ledamot i Svenska f\u00f6rskoleverksamhets- och utbildningsn\u00e4mnden, [&hellip;]<\/p>\n","protected":false},"author":1,"featured_media":0,"parent":0,"menu_order":5,"comment_status":"closed","ping_status":"closed","template":"","meta":{"footnotes":""},"class_list":["post-246","page","type-page","status-publish","hentry"],"_links":{"self":[{"href":"http:\/\/www.kimmen.info\/fi\/wp-json\/wp\/v2\/pages\/246","targetHints":{"allow":["GET"]}}],"collection":[{"href":"http:\/\/www.kimmen.info\/fi\/wp-json\/wp\/v2\/pages"}],"about":[{"href":"http:\/\/www.kimmen.info\/fi\/wp-json\/wp\/v2\/types\/page"}],"author":[{"embeddable":true,"href":"http:\/\/www.kimmen.info\/fi\/wp-json\/wp\/v2\/users\/1"}],"replies":[{"embeddable":true,"href":"http:\/\/www.kimmen.info\/fi\/wp-json\/wp\/v2\/comments?post=246"}],"version-history":[{"count":44,"href":"http:\/\/www.kimmen.info\/fi\/wp-json\/wp\/v2\/pages\/246\/revisions"}],"predecessor-version":[{"id":1043,"href":"http:\/\/www.kimmen.info\/fi\/wp-json\/wp\/v2\/pages\/246\/revisions\/1043"}],"wp:attachment":[{"href":"http:\/\/www.kimmen.info\/fi\/wp-json\/wp\/v2\/media?parent=246"}],"curies":[{"name":"wp","href":"https:\/\/api.w.org\/{rel}","templated":true}]}}